{"id":4348,"date":"2022-01-07T09:48:50","date_gmt":"2022-01-07T09:48:50","guid":{"rendered":"http:\/\/crossaudio.patronet.hu\/termekcsoportok\/"},"modified":"2023-01-20T14:35:30","modified_gmt":"2023-01-20T14:35:30","slug":"product-groups","status":"publish","type":"page","link":"https:\/\/crossaudio.hu\/en\/product-groups\/","title":{"rendered":"Product groups"},"content":{"rendered":"<p>[vc_row full_width=&#8221;stretch_row&#8221; inverse=&#8221;&#8221; css=&#8221;.vc_custom_1467815870796{background-color: #ffffff !important;}&#8221;][vc_column][vc_empty_space height=&#8221;2em&#8221;]<div id=\"sc_services_1831317447_wrap\" class=\"sc_services_wrap\"><div id=\"sc_services_1831317447\" class=\"sc_services sc_services_style_services-3 sc_services_type_images  margin_top_huge margin_bottom_huge\" style=\"width:100%;\"><h2 class=\"sc_services_title sc_item_title\">Product groups<\/h2><div class=\"sc_services_descr sc_item_descr\">For various demands of public facilities with different size and functionalities, BOSCH Public Address systems offer flexible custom-orientated solutions. We as CROSSAUDIO.hungary Kft. support our sales partners from the design phase, through the system integration and programming, till the maintenance services for all delivered sound systems.<\/div><div class=\"sc_columns columns_wrap\"><div class=\"column-1_2 column_padding_bottom\">\t\t<div id=\"sc_services_1831317447_1\"\t\t\tclass=\"sc_services_item sc_services_item_1 odd first\"\n\t\t\t>\n\t\t\t\t\t\t\t<div class=\"sc_services_item_featured post_featured\">\n\t\t\t\t\t\t<div class=\"post_thumb\" data-image=\"https:\/\/crossaudio.hu\/wp-content\/uploads\/2021\/12\/110b_1.jpg\" data-title=\"Public Address systems\">\n\t<a class=\"hover_icon hover_icon_link\" href=\"https:\/\/crossaudio.hu\/en\/services\/public-address-systems\/\"><img loading=\"lazy\" decoding=\"async\" class=\"wp-post-image\" width=\"370\" height=\"270\" alt=\"Public Address systems\" src=\"https:\/\/crossaudio.hu\/wp-content\/uploads\/2021\/12\/110b_1-370x270.jpg\"><\/a>\t<\/div>\n\t<!--\t\t\t\t\t<div class=\"sc_services_item_count\">-->\n<!--\t\t\t\t\t\t--><!--\t\t\t\t\t<\/div>-->\n\t\t\t\t<\/div>\n\t\t\t\t\t\t<div class=\"sc_services_item_content\">\n\t\t\t\t<h4 class=\"sc_services_item_title\"><a href=\"https:\/\/crossaudio.hu\/en\/services\/public-address-systems\/\">Public Address systems<\/a><\/h4>\t\t\t\t<div class=\"sc_services_item_description\">\n\t\t\t\t\t<p>For various demands of public facilities with different size and functionalities BOSCH Public Address systems offer flexible custom-orientated...<\/p>\t\t\t\t<\/div>\n\t\t\t\t<div class=\"sc_services_item_decoration\"><\/div>\n\t\t\t<\/div>\n\t\t<\/div>\n\t\t<\/div><div class=\"column-1_2 column_padding_bottom\">\t\t<div id=\"sc_services_1831317447_2\"\t\t\tclass=\"sc_services_item sc_services_item_2 even\"\n\t\t\t>\n\t\t\t\t\t\t\t<div class=\"sc_services_item_featured post_featured\">\n\t\t\t\t\t\t<div class=\"post_thumb\" data-image=\"https:\/\/crossaudio.hu\/wp-content\/uploads\/2021\/12\/120a.jpg\" data-title=\"Loudspeaker portfolio\">\n\t<a class=\"hover_icon hover_icon_link\" href=\"https:\/\/crossaudio.hu\/en\/services\/loudspeaker-portfolio\/\"><img loading=\"lazy\" decoding=\"async\" class=\"wp-post-image\" width=\"370\" height=\"270\" alt=\"Loudspeaker portfolio\" src=\"https:\/\/crossaudio.hu\/wp-content\/uploads\/2021\/12\/120a-370x270.jpg\"><\/a>\t<\/div>\n\t<!--\t\t\t\t\t<div class=\"sc_services_item_count\">-->\n<!--\t\t\t\t\t\t--><!--\t\t\t\t\t<\/div>-->\n\t\t\t\t<\/div>\n\t\t\t\t\t\t<div class=\"sc_services_item_content\">\n\t\t\t\t<h4 class=\"sc_services_item_title\"><a href=\"https:\/\/crossaudio.hu\/en\/services\/loudspeaker-portfolio\/\">Loudspeaker portfolio<\/a><\/h4>\t\t\t\t<div class=\"sc_services_item_description\">\n\t\t\t\t\t<p>As a significant local supplier of the BOSCH loudspeakers, we can offer the widest portfolio for the designers and also for the end-users in our...<\/p>\t\t\t\t<\/div>\n\t\t\t\t<div class=\"sc_services_item_decoration\"><\/div>\n\t\t\t<\/div>\n\t\t<\/div>\n\t\t<\/div><div class=\"column-1_2 column_padding_bottom\">\t\t<div id=\"sc_services_1831317447_3\"\t\t\tclass=\"sc_services_item sc_services_item_3 odd\"\n\t\t\t>\n\t\t\t\t\t\t\t<div class=\"sc_services_item_featured post_featured\">\n\t\t\t\t\t\t<div class=\"post_thumb\" data-image=\"https:\/\/crossaudio.hu\/wp-content\/uploads\/2021\/12\/130a.jpg\" data-title=\"Conference devices\">\n\t<a class=\"hover_icon hover_icon_link\" href=\"https:\/\/crossaudio.hu\/en\/services\/conference-devices\/\"><img loading=\"lazy\" decoding=\"async\" class=\"wp-post-image\" width=\"370\" height=\"270\" alt=\"Conference devices\" src=\"https:\/\/crossaudio.hu\/wp-content\/uploads\/2021\/12\/130a-370x270.jpg\"><\/a>\t<\/div>\n\t<!--\t\t\t\t\t<div class=\"sc_services_item_count\">-->\n<!--\t\t\t\t\t\t--><!--\t\t\t\t\t<\/div>-->\n\t\t\t\t<\/div>\n\t\t\t\t\t\t<div class=\"sc_services_item_content\">\n\t\t\t\t<h4 class=\"sc_services_item_title\"><a href=\"https:\/\/crossaudio.hu\/en\/services\/conference-devices\/\">Conference devices<\/a><\/h4>\t\t\t\t<div class=\"sc_services_item_description\">\n\t\t\t\t\t<p>From usual discussion tasks to special multi-functional conference features we offer comprehensive BOSCH solutions for our end-users and sales...<\/p>\t\t\t\t<\/div>\n\t\t\t\t<div class=\"sc_services_item_decoration\"><\/div>\n\t\t\t<\/div>\n\t\t<\/div>\n\t\t<\/div><div class=\"column-1_2 column_padding_bottom\">\t\t<div id=\"sc_services_1831317447_4\"\t\t\tclass=\"sc_services_item sc_services_item_4 even\"\n\t\t\t>\n\t\t\t\t\t\t\t<div class=\"sc_services_item_featured post_featured\">\n\t\t\t\t\t\t<div class=\"post_thumb\" data-image=\"https:\/\/crossaudio.hu\/wp-content\/uploads\/2022\/01\/240a.jpg\" data-title=\"Accessibility for hearing aid people\">\n\t<a class=\"hover_icon hover_icon_link\" href=\"https:\/\/crossaudio.hu\/en\/services\/accessibility-for-hearing-aid-people\/\"><img loading=\"lazy\" decoding=\"async\" class=\"wp-post-image\" width=\"370\" height=\"270\" alt=\"Accessibility for hearing aid people\" src=\"https:\/\/crossaudio.hu\/wp-content\/uploads\/2022\/01\/240a-370x270.jpg\"><\/a>\t<\/div>\n\t<!--\t\t\t\t\t<div class=\"sc_services_item_count\">-->\n<!--\t\t\t\t\t\t--><!--\t\t\t\t\t<\/div>-->\n\t\t\t\t<\/div>\n\t\t\t\t\t\t<div class=\"sc_services_item_content\">\n\t\t\t\t<h4 class=\"sc_services_item_title\"><a href=\"https:\/\/crossaudio.hu\/en\/services\/accessibility-for-hearing-aid-people\/\">Accessibility for hearing aid people<\/a><\/h4>\t\t\t\t<div class=\"sc_services_item_description\">\n\t\t\t\t\t<p>The BOSCH portfolio also has solution for the accessibility for hearing aid people using an inductive-loop systems, contributing with the own...<\/p>\t\t\t\t<\/div>\n\t\t\t\t<div class=\"sc_services_item_decoration\"><\/div>\n\t\t\t<\/div>\n\t\t<\/div>\n\t\t<\/div><\/div><\/div><!-- \/.sc_services --><\/div><!-- \/.sc_services_wrap -->[\/vc_column][\/vc_row][vc_row full_width=&#8221;stretch_row_content_no_spaces&#8221; css=&#8221;.vc_custom_1467816696255{background-color: #ffffff !important;}&#8221;][vc_column]<div class=\"sc_line sc_line_position_center_center sc_line_style_solid margin_top_null margin_bottom_null\" style=\"border-top-style:solid;\"><\/div>[\/vc_column][\/vc_row][vc_row full_width=&#8221;stretch_row&#8221; css=&#8221;.vc_custom_1467816654223{border-top-width: 0px !important;background-color: #ffffff !important;}&#8221;][vc_column][\/vc_column][\/vc_row][vc_row full_width=&#8221;stretch_row_content_no_spaces&#8221; inverse=&#8221;&#8221; el_class=&#8221;free_consultation&#8221;][vc_column]<div class=\"columns_wrap sc_columns columns_nofluid sc_columns_count_2\" data-equal-height=\".sc_column_item\"><div class=\"column-1_2 sc_column_item sc_column_item_1 odd first\"><div class=\"sc_column_item_inner\" style=\"background-image:url(https:\/\/crossaudio.hu\/wp-content\/uploads\/2023\/01\/Lepjen-kapcsolatba-oldalkep-scaled.jpg);background-repeat:no-repeat;background-size:cover;background-position: center center;\">[vc_empty_space height=&#8221;8em&#8221;]<\/div><\/div><div class=\"column-1_2 sc_column_item sc_column_item_2 even\">[vc_empty_space height=&#8221;1em&#8221;][vc_row_inner el_class=&#8221;margin_top_huge margin_right_small margin_bottom_large margin_left_medium&#8221;][vc_column_inner][vc_column_text]<\/p>\n<h2 style=\"text-align: left;\">Contact us!<\/h2>\n<div class=\"sc_form_descr sc_item_descr\" style=\"text-align: left;\"><\/div>\n<p>[\/vc_column_text]\n<div class=\"wpcf7 no-js\" id=\"wpcf7-f1025-o1\" lang=\"hu-HU\" dir=\"ltr\" data-wpcf7-id=\"1025\">\n<div class=\"screen-reader-response\"><p role=\"status\" aria-live=\"polite\" aria-atomic=\"true\"><\/p> <ul><\/ul><\/div>\n<form action=\"\/en\/wp-json\/wp\/v2\/pages\/4348#wpcf7-f1025-o1\" method=\"post\" class=\"wpcf7-form init\" aria-label=\"Kapcsolatfelv\u00e9teli \u0171rlap\" novalidate=\"novalidate\" data-status=\"init\">\n<fieldset class=\"hidden-fields-container\"><input type=\"hidden\" name=\"_wpcf7\" value=\"1025\" \/><input type=\"hidden\" name=\"_wpcf7_version\" value=\"6.1.1\" \/><input type=\"hidden\" name=\"_wpcf7_locale\" value=\"hu_HU\" \/><input type=\"hidden\" name=\"_wpcf7_unit_tag\" value=\"wpcf7-f1025-o1\" \/><input type=\"hidden\" name=\"_wpcf7_container_post\" value=\"0\" \/><input type=\"hidden\" name=\"_wpcf7_posted_data_hash\" value=\"\" \/>\n<\/fieldset>\n<div class=\"contact_form_3\">\n\t<div class=\"input\">\n\t\t<p><label><br \/>\n<span class=\"wpcf7-form-control-wrap\" data-name=\"your-name\"><input size=\"40\" maxlength=\"400\" class=\"wpcf7-form-control wpcf7-text wpcf7-validates-as-required\" aria-required=\"true\" aria-invalid=\"false\" placeholder=\"N\u00e9v *\" value=\"\" type=\"text\" name=\"your-name\" \/><\/span> <\/label><br \/>\n<label><br \/>\n<span class=\"wpcf7-form-control-wrap\" data-name=\"your-email\"><input size=\"40\" maxlength=\"400\" class=\"wpcf7-form-control wpcf7-email wpcf7-validates-as-required wpcf7-text wpcf7-validates-as-email\" aria-required=\"true\" aria-invalid=\"false\" placeholder=\"E-mail *\" value=\"\" type=\"email\" name=\"your-email\" \/><\/span> <\/label>\n\t\t<\/p>\n\t<\/div>\n\t<div class=\"input\">\n\t\t<p><label><br \/>\n<span class=\"wpcf7-form-control-wrap\" data-name=\"your-phone\"><input size=\"40\" maxlength=\"400\" class=\"wpcf7-form-control wpcf7-text\" aria-invalid=\"false\" placeholder=\"Telefonsz\u00e1m\" value=\"\" type=\"text\" name=\"your-phone\" \/><\/span> <\/label><br \/>\n<label><br \/>\n<span class=\"wpcf7-form-control-wrap\" data-name=\"your-subject\"><input size=\"40\" maxlength=\"400\" class=\"wpcf7-form-control wpcf7-text\" aria-invalid=\"false\" placeholder=\"T\u00e1rgy\" value=\"\" type=\"text\" name=\"your-subject\" \/><\/span> <\/label>\n\t\t<\/p>\n\t<\/div>\n\t<div>\n\t\t<p><label><br \/>\n<span class=\"wpcf7-form-control-wrap\" data-name=\"your-message\"><textarea cols=\"40\" rows=\"10\" maxlength=\"2000\" class=\"wpcf7-form-control wpcf7-textarea\" aria-invalid=\"false\" placeholder=\"\u00dczenet\" name=\"your-message\"><\/textarea><\/span> <\/label>\n\t\t<\/p>\n\t\t<p><input class=\"wpcf7-form-control wpcf7-submit has-spinner\" type=\"submit\" value=\"\u00dczenet k\u00fcld\u00e9se\" \/>\n\t\t<\/p>\n\t<\/div>\n<\/div><div class=\"wpcf7-response-output\" aria-hidden=\"true\"><\/div>\n<\/form>\n<\/div>\n[\/vc_column_inner][\/vc_row_inner][vc_empty_space height=&#8221;1em&#8221;]<\/div><\/div>[\/vc_column][\/vc_row][vc_row full_width=&#8221;stretch_row&#8221; inverse=&#8221;&#8221; css=&#8221;.vc_custom_1467705322093{background-color: #ffffff !important;}&#8221;][vc_column][vc_empty_space height=&#8221;0.5em&#8221;][vc_column_text]<div id=\"sc_skills_diagram_465625896\" class=\"sc_skills sc_skills_counter margin_top_huge margin_bottom_huge\" data-type=\"counter\" data-caption=\"Skills\"><div class=\"columns_wrap sc_skills_columns sc_skills_columns_4\"><div class=\"sc_skills_column column-1_4\"><div class=\"sc_skills_item sc_skills_style_2 odd first\"><div class=\"sc_skills_count\"><div class=\"sc_skills_total\" data-start=\"0\" data-stop=\"45\" data-step=\"1\" data-max=\"100\" data-speed=\"38\" data-duration=\"1710\" data-ed=\"\">0<\/div><\/div><div class=\"sc_skills_info\"><div class=\"sc_skills_label\">Public Address projects<\/div><\/div><div class=\"sc_skills_info_2\"><div class=\"sc_skills_label\"><\/div><\/div><\/div><\/div><div class=\"sc_skills_column column-1_4\"><div class=\"sc_skills_item sc_skills_style_2 even\"><div class=\"sc_skills_count\"><div class=\"sc_skills_total\" data-start=\"0\" data-stop=\"13\" data-step=\"1\" data-max=\"100\" data-speed=\"11\" data-duration=\"143\" data-ed=\"\">0<\/div><\/div><div class=\"sc_skills_info\"><div class=\"sc_skills_label\">Conference projects<\/div><\/div><div class=\"sc_skills_info_2\"><div class=\"sc_skills_label\"><\/div><\/div><\/div><\/div><div class=\"sc_skills_column column-1_4\"><div class=\"sc_skills_item sc_skills_style_2 odd\"><div class=\"sc_skills_count\"><div class=\"sc_skills_total\" data-start=\"0\" data-stop=\"37\" data-step=\"1\" data-max=\"100\" data-speed=\"19\" data-duration=\"703\" data-ed=\"\">0<\/div><\/div><div class=\"sc_skills_info\"><div class=\"sc_skills_label\">Further Projects & Services<\/div><\/div><div class=\"sc_skills_info_2\"><div class=\"sc_skills_label\"><\/div><\/div><\/div><\/div><\/div><\/div>\n[\/vc_column_text][\/vc_column][\/vc_row]<\/p>\n","protected":false},"excerpt":{"rendered":"<p>[vc_row full_width=&#8221;stretch_row&#8221; inverse=&#8221;&#8221; css=&#8221;.vc_custom_1467815870796{background-color: #ffffff !important;}&#8221;][vc_column][vc_empty_space height=&#8221;2em&#8221;][\/vc_column][\/vc_row][vc_row full_width=&#8221;stretch_row_content_no_spaces&#8221; css=&#8221;.vc_custom_1467816696255{background-color: #ffffff !important;}&#8221;][vc_column][\/vc_column][\/vc_row][vc_row full_width=&#8221;stretch_row&#8221; css=&#8221;.vc_custom_1467816654223{border-top-width: 0px !important;background-color: #ffffff !important;}&#8221;][vc_column][\/vc_column][\/vc_row][vc_row full_width=&#8221;stretch_row_content_no_spaces&#8221; inverse=&#8221;&#8221; el_class=&#8221;free_consultation&#8221;][vc_column][\/vc_column][\/vc_row][vc_row full_width=&#8221;stretch_row&#8221; inverse=&#8221;&#8221; css=&#8221;.vc_custom_1467705322093{background-color: #ffffff !important;}&#8221;][vc_column][vc_empty_space height=&#8221;0.5em&#8221;][vc_column_text][\/vc_column_text][\/vc_column][\/vc_row]<\/p>\n","protected":false},"author":990085,"featured_media":0,"parent":0,"menu_order":0,"comment_status":"closed","ping_status":"closed","template":"","meta":{"footnotes":""},"folder":[],"class_list":["post-4348","page","type-page","status-publish","hentry"],"_links":{"self":[{"href":"https:\/\/crossaudio.hu\/en\/wp-json\/wp\/v2\/pages\/4348","targetHints":{"allow":["GET"]}}],"collection":[{"href":"https:\/\/crossaudio.hu\/en\/wp-json\/wp\/v2\/pages"}],"about":[{"href":"https:\/\/crossaudio.hu\/en\/wp-json\/wp\/v2\/types\/page"}],"author":[{"embeddable":true,"href":"https:\/\/crossaudio.hu\/en\/wp-json\/wp\/v2\/users\/990085"}],"replies":[{"embeddable":true,"href":"https:\/\/crossaudio.hu\/en\/wp-json\/wp\/v2\/comments?post=4348"}],"version-history":[{"count":6,"href":"https:\/\/crossaudio.hu\/en\/wp-json\/wp\/v2\/pages\/4348\/revisions"}],"predecessor-version":[{"id":4450,"href":"https:\/\/crossaudio.hu\/en\/wp-json\/wp\/v2\/pages\/4348\/revisions\/4450"}],"wp:attachment":[{"href":"https:\/\/crossaudio.hu\/en\/wp-json\/wp\/v2\/media?parent=4348"}],"wp:term":[{"taxonomy":"folder","embeddable":true,"href":"https:\/\/crossaudio.hu\/en\/wp-json\/wp\/v2\/folder?post=4348"}],"curies":[{"name":"wp","href":"https:\/\/api.w.org\/{rel}","templated":true}]}}