{"id":4416,"date":"2016-04-28T13:58:26","date_gmt":"2016-04-28T13:58:26","guid":{"rendered":"http:\/\/crossaudio.patronet.hu\/kapcsolat\/"},"modified":"2023-01-20T14:11:16","modified_gmt":"2023-01-20T14:11:16","slug":"contact","status":"publish","type":"page","link":"https:\/\/crossaudio.hu\/en\/contact\/","title":{"rendered":""},"content":{"rendered":"<p>[vc_row][vc_column][vc_empty_space height=&#8221;0.8em&#8221;]<div class=\"sc_section margin_top_huge margin_bottom_huge\"><div class=\"sc_section_inner\"><div class=\"sc_section_content_wrap\"><h3 class=\"sc_title sc_title_underline sc_align_center margin_bottom_null\" style=\"text-align:center;\">Contact us!<\/h3>[vc_empty_space height=&#8221;0.4em&#8221;]\n<div class=\"wpcf7 no-js\" id=\"wpcf7-f1024-o1\" lang=\"hu-HU\" dir=\"ltr\" data-wpcf7-id=\"1024\">\n<div class=\"screen-reader-response\"><p role=\"status\" aria-live=\"polite\" aria-atomic=\"true\"><\/p> <ul><\/ul><\/div>\n<form action=\"\/en\/wp-json\/wp\/v2\/pages\/4416#wpcf7-f1024-o1\" method=\"post\" class=\"wpcf7-form init\" aria-label=\"Kapcsolatfelv\u00e9teli \u0171rlap\" novalidate=\"novalidate\" data-status=\"init\">\n<fieldset class=\"hidden-fields-container\"><input type=\"hidden\" name=\"_wpcf7\" value=\"1024\" \/><input type=\"hidden\" name=\"_wpcf7_version\" value=\"6.1.1\" \/><input type=\"hidden\" name=\"_wpcf7_locale\" value=\"hu_HU\" \/><input type=\"hidden\" name=\"_wpcf7_unit_tag\" value=\"wpcf7-f1024-o1\" \/><input type=\"hidden\" name=\"_wpcf7_container_post\" value=\"0\" \/><input type=\"hidden\" name=\"_wpcf7_posted_data_hash\" value=\"\" \/>\n<\/fieldset>\n<div class=\"sc_form_wrap contact_form_2\">\n\t<div class=\"sc_form sc_form_style_form_2\">\n\t\t<div class=\"sc_form_fields\">\n\t\t\t<div class=\"sc_input_hover_default inited\">\n\t\t\t\t<div class=\"sc_columns columns_wrap sc_form_info\">\n\t\t\t\t\t<div class=\"sc_form_address column-1_3\">\n\t\t\t\t\t\t<div class=\"sc_form_item sc_form_field label_over\">\n\t\t\t\t\t\t\t<p><label><br \/>\n<span class=\"wpcf7-form-control-wrap\" data-name=\"your-name\"><input size=\"40\" maxlength=\"400\" class=\"wpcf7-form-control wpcf7-text wpcf7-validates-as-required\" aria-required=\"true\" aria-invalid=\"false\" placeholder=\"N\u00e9v*\" value=\"\" type=\"text\" name=\"your-name\" \/><\/span> <\/label>\n\t\t\t\t\t\t\t<\/p>\n\t\t\t\t\t\t<\/div>\n\t\t\t\t\t<\/div>\n\t\t\t\t\t<div class=\"column-1_3\">\n\t\t\t\t\t\t<div class=\"sc_form_item sc_form_field label_over\">\n\t\t\t\t\t\t\t<p><label><br \/>\n<span class=\"wpcf7-form-control-wrap\" data-name=\"your-email\"><input size=\"40\" maxlength=\"400\" class=\"wpcf7-form-control wpcf7-email wpcf7-validates-as-required wpcf7-text wpcf7-validates-as-email\" aria-required=\"true\" aria-invalid=\"false\" placeholder=\"E-mail*\" value=\"\" type=\"email\" name=\"your-email\" \/><\/span> <\/label>\n\t\t\t\t\t\t\t<\/p>\n\t\t\t\t\t\t<\/div>\n\t\t\t\t\t<\/div>\n\t\t\t\t\t<div class=\"sc_form_address column-1_3\">\n\t\t\t\t\t\t<div class=\"sc_form_item sc_form_field label_over\">\n\t\t\t\t\t\t\t<p><label><br \/>\n<span class=\"wpcf7-form-control-wrap\" data-name=\"your-subject\"><input size=\"40\" maxlength=\"400\" class=\"wpcf7-form-control wpcf7-text\" aria-invalid=\"false\" placeholder=\"T\u00e1rgy\" value=\"\" type=\"text\" name=\"your-subject\" \/><\/span> <\/label>\n\t\t\t\t\t\t\t<\/p>\n\t\t\t\t\t\t<\/div>\n\t\t\t\t\t<\/div>\n\t\t\t\t<\/div>\n\t\t\t\t<div class=\"sc_form_item sc_form_message\">\n\t\t\t\t\t<p><label><br \/>\n<span class=\"wpcf7-form-control-wrap\" data-name=\"your-message\"><textarea cols=\"40\" rows=\"10\" maxlength=\"2000\" class=\"wpcf7-form-control wpcf7-textarea\" aria-invalid=\"false\" placeholder=\"\u00dczenet\" name=\"your-message\"><\/textarea><\/span> <\/label>\n\t\t\t\t\t<\/p>\n\t\t\t\t<\/div>\n\t\t\t\t<div class=\"sc_form_item sc_form_button\">\n\t\t\t\t\t<p><input class=\"wpcf7-form-control wpcf7-submit has-spinner\" type=\"submit\" value=\"\u00dczenet k\u00fcld\u00e9se\" \/>\n\t\t\t\t\t<\/p>\n\t\t\t\t<\/div>\n\t\t\t<\/div>\n\t\t<\/div>\n\t<\/div>\n<\/div><div class=\"wpcf7-response-output\" aria-hidden=\"true\"><\/div>\n<\/form>\n<\/div>\n<\/div><\/div><\/div>[vc_empty_space height=&#8221;0.8em&#8221;][\/vc_column][\/vc_row][vc_row full_width=&#8221;stretch_row_content_no_spaces&#8221; css=&#8221;.vc_custom_1464591534568{background-color: #292a2e !important;}&#8221;][vc_column][\/vc_column][\/vc_row]<\/p>\n","protected":false},"excerpt":{"rendered":"<p>[vc_row][vc_column][vc_empty_space height=&#8221;0.8em&#8221;][vc_empty_space height=&#8221;0.8em&#8221;][\/vc_column][\/vc_row][vc_row full_width=&#8221;stretch_row_content_no_spaces&#8221; css=&#8221;.vc_custom_1464591534568{background-color: #292a2e !important;}&#8221;][vc_column][\/vc_column][\/vc_row]<\/p>\n","protected":false},"author":1,"featured_media":0,"parent":0,"menu_order":0,"comment_status":"closed","ping_status":"closed","template":"","meta":{"footnotes":""},"folder":[],"class_list":["post-4416","page","type-page","status-publish","hentry"],"_links":{"self":[{"href":"https:\/\/crossaudio.hu\/en\/wp-json\/wp\/v2\/pages\/4416","targetHints":{"allow":["GET"]}}],"collection":[{"href":"https:\/\/crossaudio.hu\/en\/wp-json\/wp\/v2\/pages"}],"about":[{"href":"https:\/\/crossaudio.hu\/en\/wp-json\/wp\/v2\/types\/page"}],"author":[{"embeddable":true,"href":"https:\/\/crossaudio.hu\/en\/wp-json\/wp\/v2\/users\/1"}],"replies":[{"embeddable":true,"href":"https:\/\/crossaudio.hu\/en\/wp-json\/wp\/v2\/comments?post=4416"}],"version-history":[{"count":5,"href":"https:\/\/crossaudio.hu\/en\/wp-json\/wp\/v2\/pages\/4416\/revisions"}],"predecessor-version":[{"id":4442,"href":"https:\/\/crossaudio.hu\/en\/wp-json\/wp\/v2\/pages\/4416\/revisions\/4442"}],"wp:attachment":[{"href":"https:\/\/crossaudio.hu\/en\/wp-json\/wp\/v2\/media?parent=4416"}],"wp:term":[{"taxonomy":"folder","embeddable":true,"href":"https:\/\/crossaudio.hu\/en\/wp-json\/wp\/v2\/folder?post=4416"}],"curies":[{"name":"wp","href":"https:\/\/api.w.org\/{rel}","templated":true}]}}